{"id":2517,"date":"2021-12-02T21:38:57","date_gmt":"2021-12-03T01:38:57","guid":{"rendered":"https:\/\/icais.org\/2022\/?page_id=2517"},"modified":"2022-04-11T15:37:21","modified_gmt":"2022-04-11T19:37:21","slug":"friday","status":"publish","type":"page","link":"https:\/\/icais.org\/2022\/friday\/","title":{"rendered":"Friday"},"content":{"rendered":"\n<div class=\"wp-block-group padded-block\"><div class=\"wp-block-group__inner-container is-layout-flow wp-block-group-is-layout-flow\">\n<p>All presentation times listed on the preliminary program are in\u00a0<strong><strong>Central European Summer Time (CEST)<\/strong>, <\/strong>UTC+2. <br><em>Please note that the program is subject to change. <\/em><\/p>\n\n\n<div class=\"menu-program-container\"><ul id=\"menu-program\" class=\"menu\"><li id=\"menu-item-2703\" class=\"menu-item menu-item-type-post_type menu-item-object-page menu-item-2703\"><a href=\"https:\/\/icais.org\/2022\/tuesday\/\">Tuesday<\/a><\/li>\n<li id=\"menu-item-2701\" class=\"menu-item menu-item-type-post_type menu-item-object-page menu-item-2701\"><a href=\"https:\/\/icais.org\/2022\/poster-session\/\">2022 Poster Session<\/a><\/li>\n<li id=\"menu-item-2704\" class=\"menu-item menu-item-type-post_type menu-item-object-page menu-item-2704\"><a href=\"https:\/\/icais.org\/2022\/wednesday\/\">Wednesday<\/a><\/li>\n<li id=\"menu-item-2705\" class=\"menu-item menu-item-type-post_type menu-item-object-page menu-item-2705\"><a href=\"https:\/\/icais.org\/2022\/thursday\/\">Thursday<\/a><\/li>\n<li id=\"menu-item-2702\" class=\"menu-item menu-item-type-post_type menu-item-object-page menu-item-2702\"><a href=\"https:\/\/icais.org\/2022\/friday\/\">Friday<\/a><\/li>\n<\/ul><\/div>\n<\/div><\/div>\n\n\n<h2 class=\"date\">Friday, April 22, 2022<\/h2>\n\n<em> &nbsp; &nbsp; Updated 04\/17\/2022<\/em>\n\n\n<div class=\"wp-block-columns program is-layout-flex wp-container-core-columns-is-layout-9d6595d7 wp-block-columns-is-layout-flex\">\n<div class=\"wp-block-column is-layout-flow wp-block-column-is-layout-flow\"><div class=\"session-header\">\r\n\t<strong>A-10 &#8211; Albert<\/strong><br \/>\r\n\tMonitoring tools for management\r\n<\/div>\n\n<div class=\"program-block\">08:30-08:50 <span class=\"virtual\">Virtual<\/span><br\/>  \r\n<strong>\r\n\t<span class=\"link-removed\">Rapid assessment of exotic dreissenids in Laurentian Great Lakes using underwater videography<\/span><\/strong> <br \/>\r\n\r\n\r\nAlexander Y. Karatayev, Buffalo State College, Great Lakes Center, USA<br \/>\r\n\r\n\t\r\n<\/div><div class=\"program-block\">08:50-09:10 <span class=\"virtual\">Virtual<\/span><br\/>  \r\n<strong>\r\n\t<span class=\"link-removed\">Exotic dreissenids transform Great Lakes benthoscapes<\/span><\/strong> <br \/>\r\n\r\n\r\nLyubov E. Burlakova, Buffalo State College, Great Lakes Center, USA<br \/>\r\n\r\n\t\r\n<\/div><div class=\"program-block\">09:10-09:30 <span class=\"virtual\">Virtual<\/span><br\/>  \r\n<strong>\r\n\t<span class=\"link-removed\">Monitoring <em>Pontederia crassipes<\/em> and <em>Hydrocotyle ranunculoides<\/em>  invasion on a Mediterranean island using multitemporal satellite images<\/span><\/strong> <br \/>\r\n\r\n\r\nLuca Ghiani, University of Sassari, ITALY<br \/>\r\n\r\n\t\r\n<\/div><div class=\"program-block\">09:30-09:50 <span class=\"virtual\">Virtual<\/span><br\/>  \r\n<strong>\r\n\t<span class=\"link-removed\">In for the kill: novel biosecurity approaches for invasive and medically  important mosquito species<\/span><\/strong> <br \/>\r\n\r\n\r\nE. Manus Cunningham, Queen&#8217;s Univesity Belfast, UK<br \/>\r\n\r\n\t\r\n<\/div><div class=\"program-block\">09:50-10:10<br\/>  \r\n<strong>\r\n\t<span class=\"link-removed\">Who profits from the invasion \u2013 a preliminary study towards biological control of mosquitoes<\/span><\/strong> <br \/>\r\n\r\n\r\nAdwine Vanslembrouck, Institute of Tropical Medicine, BELGIUM<br \/>\r\n\r\n\t\r\n<\/div><\/div>\n\n\n\n<div class=\"wp-block-column is-layout-flow wp-block-column-is-layout-flow\"><div class=\"session-header\">\r\n\t<strong>B-10 &#8211; Fabiola<\/strong><br \/>\r\n\tControl tools for management\r\n<\/div>\n\n<div class=\"program-block\">08:50-09:10<br\/>  \r\n<strong>\r\n\t<span class=\"link-removed\">The use of \u201cpostbox traps\u201d in the control of Chinese mitten crab in  Flanders (Belgium)<\/span><\/strong> <br \/>\r\n\r\n\r\nBram D&#8217;hondt, Research Institute for Nature and Forest (INBO), BELGIUM<br \/>\r\n\r\n\t\r\n<\/div><div class=\"program-block\">08:50-09:10<br\/>  \r\n<strong>\r\n\t<span class=\"link-removed\">Integrated approach to control the American bullfrog in Flanders. LIFE  3N-BULLFROG<\/span><\/strong> <br \/>\r\n\r\n\r\nSarah Descamps, PXL Bio-Research \u2013 CMK, University Hasselt, BELGIUM<br \/>\r\n\r\n\t\r\n<\/div><div class=\"program-block\">09:10-09:30<br\/>  \r\n<strong>\r\n\t<span class=\"link-removed\">Non-indigenous species in Madeira: MPAs versus anthropogenically impacted areas<\/span><\/strong> <br \/>\r\n\r\n\r\nAnna Diem, Marine and Environmental Sciences Centre, PORTUGAL<br \/>\r\n\r\n\t\r\n<\/div><div class=\"program-block\">09:30-09:50 <span class=\"virtual\">Virtual<\/span><br\/>  \r\n<strong>\r\n\t<span class=\"link-removed\">Genetic and genomic tools to improve invasive watermilfoil management  planning and evaluation in the U.S.<\/span><\/strong> <br \/>\r\n\r\n\r\nRyan A. Thum, Montana State University, USA<br \/>\r\n\r\n\t\r\n<\/div><div class=\"program-block\">09:50-10:10 <span class=\"virtual\">Virtual<\/span><br\/>  \r\n<strong>\r\n\t<span class=\"link-removed\">Engaging the public, overcoming politics and solving technological  barriers of invasive species data<\/span><\/strong> <br \/>\r\n\r\n\r\nCharles Bargeron, University of Georgia, USA<br \/>\r\n\r\n\t\r\n<\/div><\/div>\n\n\n\n<div class=\"wp-block-column is-layout-flow wp-block-column-is-layout-flow\"><div class=\"session-header\">\r\n\t<strong>C-10 &#8211; Elisabeth<\/strong><br \/>\r\n\tData tools for management\r\n<\/div>\n\n<div class=\"program-block\">08:30-08:50<br\/>  \r\n<strong>\r\n\t<span class=\"link-removed\">Introduced species in the World Register of Marine Species (WoRMS): the  WRiMS portal<\/span><\/strong> <br \/>\r\n\r\n\r\nStefanie Dekeyzer, Flanders Marine Institute, InnovOceanSite, BELGIUM<br \/>\r\n\r\n\t\r\n<\/div><div class=\"program-block\">08:50-09:10 <span class=\"virtual\">Virtual<\/span><br\/>  \r\n<strong>\r\n\t<span class=\"link-removed\">First European baseline of non-indigenous species to foster  cross-jurisdictional collaborations in the marine ecosystem<\/span><\/strong> <br \/>\r\n\r\n\r\nChiara Magliozzi, European Commission, Joint Research Centre, ITALY<br \/>\r\n\r\n\t\r\n<\/div><div class=\"program-block\">09:10-09:30 <span class=\"virtual\">Virtual<\/span><br\/>  \r\n<strong>\r\n\t<span class=\"link-removed\">AquaNIS: lessons from 25 years of experience with online non-indigenous  species information systems<\/span><\/strong> <br \/>\r\n\r\n\r\nSergej Olenin, Klaipeda University, LITHUANIA<br \/>\r\n\r\n\t\r\n<\/div><div class=\"program-block\">09:30-09:50 <span class=\"virtual\">Virtual<\/span><br\/>  \r\n<strong>\r\n\t<span class=\"link-removed\">Database of spatial distribution of non-indigenous species in Spanish  marine waters<\/span><\/strong> <br \/>\r\n\r\n\r\nAna Carbonell, Centro Oceanogr\u00e1fico de Baleares, SPAIN<br \/>\r\n\r\n\t\r\n<\/div><div class=\"program-block\">09:50-10:10 <span class=\"virtual\">Virtual<\/span><br\/>  \r\n<strong>\r\n\t<span class=\"link-removed\">First four years reporting after the EU Regulation 1143\/2014 entered  into force: status and priorities<\/span><\/strong> <br \/>\r\n\r\n\r\nAna Cristina Cardoso, European Commission, Joint Research Centre, ITALY<br \/>\r\n\r\n\t\r\n<\/div><\/div>\n\n\n\n<div class=\"wp-block-column is-layout-flow wp-block-column-is-layout-flow\"><div class=\"session-header\">\r\n\t<strong>D-10 &#8211; Boudewijn<\/strong><br \/>\r\n\tClimate change impacts\r\n<\/div>\n\n<div class=\"program-block\">08:30-08:50 <span class=\"virtual\">Virtual<\/span><br\/>  \r\n<strong>\r\n\t<span class=\"link-removed\">Determinants of survival and dispersal along the range expansion of a  biological invasion<\/span><\/strong> <br \/>\r\n\r\n\r\nEric Edeline, ESE Ecology and Ecosystem Health, FRANCE<br \/>\r\n\r\n\t\r\n<\/div><div class=\"program-block\">08:50-09:10<br\/>  \r\n<strong>\r\n\t<span class=\"link-removed\">Comparison of behavioural interactions amongfour invasive crayfish along  a temperature gradient Jan Kubec, University of South Bohemia in \u010cesk\u00e9  Bud\u011bjovice, CZECH REPUBLIC<\/span><\/strong> <br \/>\r\n\r\n\r\nJan Kubec, University of South Bohemia in \u010cesk\u00e9 Bud\u011bjovice, CZECH REPUBLIC<br \/>\r\n\r\n\t\r\n<\/div><div class=\"program-block\">09:10-09:30<br\/>  \r\n<strong>\r\n\t<span class=\"link-removed\">First record in Benin, West Africa, of the globally invasive crab  <em>Charybdis hellerii <\/em>(A. Milne-Edwards, 1867), with notes on its  taxonomy (Crustacea, Decapoda, Brachyura, Portunidae)<\/span><\/strong> <br \/>\r\n\r\n\r\nComlan Eug\u00e8ne Dessouassi, University of Abomey-Calavi, WEST AFRICA<br \/>\r\n\r\n\t\r\n<\/div><div class=\"program-block\">09:30-09:50 <span class=\"virtual\">Virtual<\/span><br\/>  \r\n<strong>\r\n\t<span class=\"link-removed\">The biology and ecology of the invasive silver-cheeked toadfish  (<em>Lagocephalus sceleratus<\/em>), with emphasis on the Eastern Mediterranean<\/span><\/strong> <br \/>\r\n\r\n\r\nAylin Ulman, Mersea Marine Consulting, TURKEY<br \/>\r\n\r\n\t\r\n<\/div><\/div>\n<\/div>\n\n\n\n<div class=\"wp-block-group\"><div class=\"wp-block-group__inner-container is-layout-flow wp-block-group-is-layout-flow\"><div class=\"break\">10:10-10:40 <strong>&#8211; Networking Coffee\/Tea Break<\/strong><\/div>\n\n<div class=\"keynote\">10:40-11:25 <a href=\"https:\/\/icais.org\/2022\/keynote-speakers\/\"><strong>Keynote Presentation<\/strong><\/a><br\/>  \r\n<strong>The role for IUCN in addressing invasive alien species<\/strong> <br \/>\r\n\r\n\r\n<a href=\"https:\/\/icais.org\/2022\/speaker\/auto-draft-7\/\">Kevin Smith<\/a>, International Union for Conservation of Nature, UK<br \/>\r\n\r\n\t<\/div>\n\n<div class=\"break\">11:25-12:00 <strong>&#8211; Closing Plenary Session<\/strong><\/div>\n\n<div class=\"break\">12:00-13:00 <strong>&#8211; Lunch<\/strong><\/div><\/div><\/div>\n\n\n\n<div class=\"wp-block-columns program is-layout-flex wp-container-core-columns-is-layout-9d6595d7 wp-block-columns-is-layout-flex\">\n<div class=\"wp-block-column is-layout-flow wp-block-column-is-layout-flow\"><div class=\"session-header\">\r\n\t<strong>Special Session &#8211; Albert<\/strong><br \/>\r\n\tResearch at the interface of climate change, aquatic invasive species and diseases\r\n<\/div>\n\n<div class=\"program-block\">13:00-13:05 <span class=\"virtual\">Virtual<\/span><br\/>  \r\n<strong>\r\n\t<span class=\"link-removed\">Opening remarks<\/span><\/strong> <br \/>\r\n\r\n\r\nPatrick Kocovsky, U.S. Geological Survey, USA<br \/>\r\n\r\n\t\r\n<\/div><div class=\"program-block\">13:05-13:25 <span class=\"virtual\">Virtual<\/span><br\/>  \r\n<strong>\r\n\t<span class=\"link-removed\">Translational invasion ecology: a framework for connecting research and  practice to address the combined challenges of invasive species and  climate change<\/span><\/strong> <br \/>\r\n\r\n\r\nCarrie J. Brown-Lima, Cornell University, USA<br \/>\r\n\r\n\t\r\n<\/div><div class=\"program-block\">13:25-13:45 <span class=\"virtual\">Virtual<\/span><br\/>  \r\n<strong>\r\n\t<span class=\"link-removed\">The effect of multiple abiotic and biotic stressors on amphipod  behaviour and ecosystem processes<\/span><\/strong> <br \/>\r\n\r\n\r\nAlison Dunn, University of Leeds, UK<br \/>\r\n\r\n\t\r\n<\/div><div class=\"program-block\">13:45-14:05<br\/>  \r\n<strong>\r\n\t<span class=\"link-removed\">Biological invasions and parasite-host interactions in a warmer world:  identifying climate change impacts on wildlife and aquaculture diseases  in European coastal waters14:00-14:20<\/span><\/strong> <br \/>\r\n\r\n\r\nDavid W. Thieltges, NIOZ Royal Netherlands Institute for Sea Research, THE NETHERLANDS<br \/>\r\n\r\n\t\r\n<\/div><div class=\"program-block\">14:05-14:25<br\/>  \r\n<strong>\r\n\t<span class=\"link-removed\">Invasive host, their parasites and pathogens: effects and interactions  in the recipient ecosystem<\/span><\/strong> <br \/>\r\n\r\n\r\nK. Mathias Wegner, Alfred-Wegener Institute, GERMANY<br \/>\r\n\r\n\t\r\n<\/div><\/div>\n\n\n\n<div class=\"wp-block-column is-layout-flow wp-block-column-is-layout-flow\"><div class=\"session-header\">\r\n\t<strong>Workshop &#8211; Fabiola<\/strong><br \/>\r\n\tHow can pandemics impact the management of aquatic invasive species\r\n<\/div>\n\n\n<p>This session will be an opportunity to share knowledge on COVID-19 experiences internationally (negative and positive impacts related to working in aquatic systems) in order to inform IAS management during future pandemics.<br>Participants need to sign up to participate, and will be provided some homework in advance the workshop.<\/p>\n<\/div>\n\n\n\n<div class=\"wp-block-column is-layout-flow wp-block-column-is-layout-flow\"><\/div>\n\n\n\n<div class=\"wp-block-column is-layout-flow wp-block-column-is-layout-flow\"><div class=\"session-header\">\r\n\t<strong>Workshop &#8211; Boudewijn<\/strong><br \/>\r\n\tLIFE RIPARIAS\r\n<\/div>\n\n\n<p>LIFE RIPARIAS&nbsp;(Reaching Integrated and Prompt Action in Response to Invasive Alien Species)&nbsp;is an innovative project, which aims at optimizing the management of invasive alien species (IAS) in river areas and ponds across Belgium over the next five years. The project is co-funded by the three Belgian regional authorities and the European Union in the framework of the&nbsp;<a href=\"https:\/\/cinea.ec.europa.eu\/life_en\" target=\"_blank\" rel=\"noreferrer noopener\">LIFE programme<\/a>.<\/p>\n\n\n\n<p>This workshop will present information about the&nbsp;<a href=\"https:\/\/www.riparias.be\/\" target=\"_blank\" rel=\"noreferrer noopener\">LIFE RIPARIAS<\/a>&nbsp;project and cover the on-going assessment of the impact of management practices on ecosystem services for the different species targeted by the LIFE RIPARIAS project, as well as its methodological challenges.<\/p>\n\n\n<div class=\"program-block\">13:00-13:10<br\/>  \r\n<strong>\r\n\t<span class=\"link-removed\">LIFE RIPARIAS<\/span><\/strong> <br \/>\r\n\r\n\r\nBen Van der Wijden, Bruxelles Environnement, BELGIUM<br \/>\r\n\r\nFlorence Limet, Bruxelles Environnement, BELGIUM<br \/>\r\n\r\n\t\r\n<\/div><div class=\"program-block\">13:10-13:40<br\/>  \r\n<strong>\r\n\t<span class=\"link-removed\">Assessing the impact of aquatic alien plants &#038; crayfish management on ecosystem services<\/span><\/strong> <br \/>\r\n\r\n\r\nArnaud Monty, Gembloux Agro-Bio Tech, University of Li\u00e8ge, BELGIUM<br \/>\r\n\r\nSonia Vanderhoeven, Belgian Biodiversity Platform, BELGIUM<br \/>\r\n\r\n\t\r\n<\/div><\/div>\n<\/div>\n\n\n\n<div class=\"wp-block-columns program is-layout-flex wp-container-core-columns-is-layout-9d6595d7 wp-block-columns-is-layout-flex\">\n<div class=\"wp-block-column is-layout-flow wp-block-column-is-layout-flow\" style=\"flex-basis:100%\"><div class=\"break\">14:25-14:45 <strong>&#8211; Networking Coffee\/Tea Break<\/strong><\/div><\/div>\n<\/div>\n\n\n\n<div class=\"wp-block-columns program is-layout-flex wp-container-core-columns-is-layout-9d6595d7 wp-block-columns-is-layout-flex\">\n<div class=\"wp-block-column is-layout-flow wp-block-column-is-layout-flow\"><div class=\"session-header\">\r\n\t<strong>Special Session (cont.) &#8211; Albert<\/strong><br \/>\r\n\t\r\n<\/div>\n\n<div class=\"program-block\">14:45-15:05 <span class=\"virtual\">Virtual<\/span><br\/>  \r\n<strong>\r\n\t<span class=\"link-removed\">Macroecologic models as a tool in understanding the role of parasites in  the success of invaders<\/span><\/strong> <br \/>\r\n\r\n\r\nVolodimir Sarabeev, Zaporizhzhia National University, UKRAINE<br \/>\r\n\r\n\t\r\n<\/div><div class=\"program-block\">15:05-15:25 <span class=\"virtual\">Virtual<\/span><br\/>  \r\n<strong>\r\n\t<span class=\"link-removed\">Co-evolution of <em>Piscine rhabdovirus <\/em>(viral hemorrhagic septicemia) and  its fish hosts: an invasive pathogen during climate change<\/span><\/strong> <br \/>\r\n\r\n\r\nCarol A. Stepien, Smithsonian National Museum of Natural History, USA<br \/>\r\n\r\n\t\r\n<\/div><div class=\"program-block\">15:25-15:45<br\/>  \r\n<strong>\r\n\t<span class=\"link-removed\">Invasive and native aquatic mosquitoes across climate zones from Arctic  to Equator<\/span><\/strong> <br \/>\r\n\r\n\r\nDavid Bruce Conn, Berry College, USA<br \/>\r\n\r\n\t\r\n<\/div><div class=\"program-block\">15:45-17:00<br\/>  \r\n<strong>\r\n\t<span class=\"link-removed\">Discussion period<\/span><\/strong> <br \/>\r\n\r\n\r\nDavid W. Thieltges, NIOZ Royal Netherlands Institute for Sea Research, THE NETHERLANDS<br \/>\r\n\r\n\t\r\n<\/div><\/div>\n\n\n\n<div class=\"wp-block-column is-layout-flow wp-block-column-is-layout-flow\"><div class=\"session-header\">\r\n\t<strong>Workshop (cont.) &#8211; Fabiola<\/strong><br \/>\r\n\t\r\n<\/div><\/div>\n\n\n\n<div class=\"wp-block-column is-layout-flow wp-block-column-is-layout-flow\"><\/div>\n\n\n\n<div class=\"wp-block-column is-layout-flow wp-block-column-is-layout-flow\"><div class=\"session-header\">\r\n\t<strong>Workshop (cont.) &#8211; Boudewijn<\/strong><br \/>\r\n\tLIFE RIPARIAS\r\n<\/div>\n\n<div class=\"program-block\">13:40-15:00<br\/>  \r\n<strong>\r\n\t<span class=\"link-removed\">Exchange of experience with workshop participants on ecosystem services<\/span><\/strong> <br \/>\r\n\r\n<\/div><div class=\"program-block\">15:00<br\/>  \r\n<strong>\r\n\t<span class=\"link-removed\">Workshop concludes<\/span><\/strong> <br \/>\r\n\r\n<\/div><\/div>\n<\/div>\n\n\n\n<div class=\"wp-block-group padded-block\"><div class=\"wp-block-group__inner-container is-layout-flow wp-block-group-is-layout-flow\">\n<p>All presentation times listed on the preliminary program are in\u00a0<strong><strong>Central European Summer Time (CEST)<\/strong>, <\/strong>UTC+2. <br><em>Please note that the program is subject to change. <\/em><\/p>\n\n\n<div class=\"menu-program-container\"><ul id=\"menu-program-1\" class=\"menu\"><li class=\"menu-item menu-item-type-post_type menu-item-object-page menu-item-2703\"><a href=\"https:\/\/icais.org\/2022\/tuesday\/\">Tuesday<\/a><\/li>\n<li class=\"menu-item menu-item-type-post_type menu-item-object-page menu-item-2701\"><a href=\"https:\/\/icais.org\/2022\/poster-session\/\">2022 Poster Session<\/a><\/li>\n<li class=\"menu-item menu-item-type-post_type menu-item-object-page menu-item-2704\"><a href=\"https:\/\/icais.org\/2022\/wednesday\/\">Wednesday<\/a><\/li>\n<li class=\"menu-item menu-item-type-post_type menu-item-object-page menu-item-2705\"><a href=\"https:\/\/icais.org\/2022\/thursday\/\">Thursday<\/a><\/li>\n<li class=\"menu-item menu-item-type-post_type menu-item-object-page menu-item-2702\"><a href=\"https:\/\/icais.org\/2022\/friday\/\">Friday<\/a><\/li>\n<\/ul><\/div>\n<\/div><\/div>\n","protected":false},"excerpt":{"rendered":"<p>This session will be an opportunity to share knowledge on COVID-19 experiences internationally (negative and positive impacts related to working in aquatic systems) in order to inform IAS management during future pandemics.Participants need to sign up to participate, and will be provided some homework in advance the workshop. LIFE RIPARIAS&nbsp;(Reaching Integrated&#8230;<\/p>\n","protected":false},"author":1,"featured_media":0,"parent":0,"menu_order":0,"comment_status":"closed","ping_status":"closed","template":"plus-templates\/template-fullwidth.php","meta":{"footnotes":""},"class_list":["post-2517","page","type-page","status-publish","hentry"],"_links":{"self":[{"href":"https:\/\/icais.org\/2022\/wp-json\/wp\/v2\/pages\/2517","targetHints":{"allow":["GET"]}}],"collection":[{"href":"https:\/\/icais.org\/2022\/wp-json\/wp\/v2\/pages"}],"about":[{"href":"https:\/\/icais.org\/2022\/wp-json\/wp\/v2\/types\/page"}],"author":[{"embeddable":true,"href":"https:\/\/icais.org\/2022\/wp-json\/wp\/v2\/users\/1"}],"replies":[{"embeddable":true,"href":"https:\/\/icais.org\/2022\/wp-json\/wp\/v2\/comments?post=2517"}],"version-history":[{"count":18,"href":"https:\/\/icais.org\/2022\/wp-json\/wp\/v2\/pages\/2517\/revisions"}],"predecessor-version":[{"id":3186,"href":"https:\/\/icais.org\/2022\/wp-json\/wp\/v2\/pages\/2517\/revisions\/3186"}],"wp:attachment":[{"href":"https:\/\/icais.org\/2022\/wp-json\/wp\/v2\/media?parent=2517"}],"curies":[{"name":"wp","href":"https:\/\/api.w.org\/{rel}","templated":true}]}}