{"id":2510,"date":"2021-12-02T21:35:12","date_gmt":"2021-12-03T01:35:12","guid":{"rendered":"https:\/\/icais.org\/2022\/?page_id=2510"},"modified":"2022-04-11T14:44:25","modified_gmt":"2022-04-11T18:44:25","slug":"tuesday","status":"publish","type":"page","link":"https:\/\/icais.org\/2022\/tuesday\/","title":{"rendered":"Tuesday"},"content":{"rendered":"\n<div class=\"wp-block-group padded-block\"><div class=\"wp-block-group__inner-container is-layout-flow wp-block-group-is-layout-flow\">\n<p>All presentation times listed on the preliminary program are in\u00a0<strong><strong>Central European Summer Time (CEST)<\/strong>, <\/strong>UTC+2. <br><em>Please note that the program is subject to change. <\/em><\/p>\n\n\n<div class=\"menu-program-container\"><ul id=\"menu-program\" class=\"menu\"><li id=\"menu-item-2703\" class=\"menu-item menu-item-type-post_type menu-item-object-page menu-item-2703\"><a href=\"https:\/\/icais.org\/2022\/tuesday\/\">Tuesday<\/a><\/li>\n<li id=\"menu-item-2701\" class=\"menu-item menu-item-type-post_type menu-item-object-page menu-item-2701\"><a href=\"https:\/\/icais.org\/2022\/poster-session\/\">2022 Poster Session<\/a><\/li>\n<li id=\"menu-item-2704\" class=\"menu-item menu-item-type-post_type menu-item-object-page menu-item-2704\"><a href=\"https:\/\/icais.org\/2022\/wednesday\/\">Wednesday<\/a><\/li>\n<li id=\"menu-item-2705\" class=\"menu-item menu-item-type-post_type menu-item-object-page menu-item-2705\"><a href=\"https:\/\/icais.org\/2022\/thursday\/\">Thursday<\/a><\/li>\n<li id=\"menu-item-2702\" class=\"menu-item menu-item-type-post_type menu-item-object-page menu-item-2702\"><a href=\"https:\/\/icais.org\/2022\/friday\/\">Friday<\/a><\/li>\n<\/ul><\/div>\n<\/div><\/div>\n\n\n<h2 class=\"date\">Tuesday, April 19, 2022<\/h2>\n\n<em> &nbsp; &nbsp; Updated 04\/17\/2022<\/em>\n\n<div class=\"break\">08:30-09:10 <strong>&#8211; Opening Plenary Session<\/strong><\/div>\n\n\n<div class=\"wp-block-columns program is-layout-flex wp-container-core-columns-is-layout-9d6595d7 wp-block-columns-is-layout-flex\">\n<div class=\"wp-block-column is-layout-flow wp-block-column-is-layout-flow\"><div class=\"session-header\">\r\n\t<strong>A-1 &#8211; Albert<\/strong><br \/>\r\n\tGenetic tools for monitoring\r\n<\/div>\n\n<div class=\"program-block\">09:10-09:30<br\/>  \r\n<strong>\r\n\t<span class=\"link-removed\">The power, challenges and integration of eDNA methods as a cornerstone  for aquatic invasive species management<\/span><\/strong> <br \/>\r\n\r\n\r\nRein Brys, Research Institute for Nature and Forest (INBO), BELGIUM<br \/>\r\n\r\n\t\r\n<\/div><div class=\"program-block\">09:30-09:50<br\/>  \r\n<strong>\r\n\t<span class=\"link-removed\">Understanding the spatial and temporal dynamics of environmental DNA for  monitoring and management of the invasive zebra mussel (<em>Dreissena  polymorpha<\/em>)<\/span><\/strong> <br \/>\r\n\r\n\r\nSara Peixoto, University of Hull, UK<br \/>\r\n\r\n\t\r\n<\/div><div class=\"program-block\">09:50-10:10 <span class=\"virtual\">Virtual<\/span><br\/>  \r\n<strong>\r\n\t<span class=\"link-removed\">Phylogenetic analyses reveal a new old introduced red algal species in  Europe<\/span><\/strong> <br \/>\r\n\r\n\r\nPilar Diaz-Tapia, Instituto Espa\u00f1ol de Oceanograf\u00eda (IEO-CSIC), SPAIN<br \/>\r\n\r\n\t\r\n<\/div><div class=\"program-block\">10:10-10:30<br\/>  \r\n<strong>\r\n\t<span class=\"link-removed\">Identifying EU-listed aquatic invasive species by DNA-barcoding using  currently available sequence data<\/span><\/strong> <br \/>\r\n\r\n\r\nKenny Meganck, Royal Museum for Central Africa, BELGIUM<br \/>\r\n\r\n\t\r\n<\/div><\/div>\n\n\n\n<div class=\"wp-block-column is-layout-flow wp-block-column-is-layout-flow\"><div class=\"session-header\">\r\n\t<strong>B-1 &#8211; Fabiola<\/strong><br \/>\r\n\tEcological risks and impacts: molluscs\r\n<\/div>\n\n<div class=\"program-block\">09:10-09:30 <span class=\"virtual\">Virtual<\/span><br\/>  \r\n<strong>\r\n\t<span class=\"link-removed\">Long-term population dynamics of a global invader confirm invasion curve  theory in invasion biology<\/span><\/strong> <br \/>\r\n\r\n\r\nPhillip J. Haubrock, Senckenberg Research Institute and Natural History Museum Frankfurt, GERMANY<br \/>\r\n\r\n\t\r\n<\/div><div class=\"program-block\">09:30-09:50<br\/>  \r\n<strong>\r\n\t<span class=\"link-removed\">Importance of substratum quality for potential competitive niche overlap  between native and invasive unionid mussels in Europe<\/span><\/strong> <br \/>\r\n\r\n\r\nMalgorzata Pozna\u0144ska-Kakareko, Nicolaus Copernicus University, POLAND<br \/>\r\n\r\n\t\r\n<\/div><div class=\"program-block\">09:50-10:10<br\/>  \r\n<strong>\r\n\t<span class=\"link-removed\">The impact of the invasive Asian date mussel in the UK and Europe<\/span><\/strong> <br \/>\r\n\r\n\r\nKate Dey, Unversity of Portsmouth, UK<br \/>\r\n\r\n\t\r\n<\/div><div class=\"program-block\">10:10-10:40<br\/>  \r\n<strong>\r\n\t<span class=\"link-removed\">The same but different: do differences in behaviour and susceptibility  to predation explain the competitive superiority of the quagga over  zebra mussel?<\/span><\/strong> <br \/>\r\n\r\n\r\nJaroslaw Kobak, Nicolaus Copernicus University, POLAND<br \/>\r\n\r\n\t\r\n<\/div><\/div>\n\n\n\n<div class=\"wp-block-column is-layout-flow wp-block-column-is-layout-flow\"><div class=\"session-header\">\r\n\t<strong>C-1 &#8211; Elisabeth<\/strong><br \/>\r\n\tCollaborating across borders\r\n<\/div>\n\n<div class=\"program-block\">09:10-09:30 <span class=\"virtual\">Virtual<\/span><br\/>  \r\n<strong>\r\n\t<span class=\"link-removed\">Impact assessment of invasive freshwater bivalves for improved management and resource allocation<\/span><\/strong> <br \/>\r\n\r\n\r\nNeil Coughlan, University College Cork, IRELAND<br \/>\r\n\r\n\t\r\n<\/div><div class=\"program-block\">09:30-09:50<br\/>  \r\n<strong>\r\n\t<span class=\"link-removed\">The LIFE RIPARIAS project: reaching integrated and prompt action in  response to invasive alien species<\/span><\/strong> <br \/>\r\n\r\n\r\nXavier Vermeersch, Brussels Environment, BELGIUM<br \/>\r\n\r\n\t\r\n<\/div><div class=\"program-block\">09:50-10:10<br\/>  \r\n<strong>\r\n\t<span class=\"link-removed\">A race against time: comparative and integrated molecular species  distribution models to counter Ponto-Caspian species invasion<\/span><\/strong> <br \/>\r\n\r\n\r\nAndrea Desiderato, University of  \u0141\u00f3d\u017a, POLAND<br \/>\r\n\r\n\t\r\n<\/div><div class=\"program-block\">10:10-10:30<br\/>  \r\n<strong>\r\n\t<span class=\"link-removed\">Aquatic invasive species specialists\u2019 perceptions on the importance of genetic tools and concepts to inform management<\/span><\/strong> <br \/>\r\n\r\n\r\nTha\u00efs A. Bernos, University of Toronto Scarborough, CANADA<br \/>\r\n\r\n\t\r\n<\/div><\/div>\n\n\n\n<div class=\"wp-block-column is-layout-flow wp-block-column-is-layout-flow\"><div class=\"session-header\">\r\n\t<strong>D-1 &#8211; Boudewijn<\/strong><br \/>\r\n\tPolicy and regulations\r\n<\/div>\n\n<div class=\"program-block\">09:10-09:30 <span class=\"virtual\">Virtual<\/span><br\/>  \r\n<strong>\r\n\t<span class=\"link-removed\">RESCHEDULED &#8211; First four years reporting after the EU Regulation 1143\/2014 entered into force: status and priorities<\/span><\/strong> <br \/>\r\n\r\n\r\nAna Cristina Cardoso, European Commission, Joint Research Centre, ITALY<br \/>\r\n\r\n\t\r\n<\/div><div class=\"program-block\">09:30-09:50<br\/>  \r\n<strong>\r\n\t<span class=\"link-removed\">Mobilizing evidence to improve IAS decision-making: the Belgian TrIAS  workflow<\/span><\/strong> <br \/>\r\n\r\n\r\nSonia Vanderhoeven, Belgian Biodiversity Platform, BELGIUM<br \/>\r\n\r\n\t\r\n<\/div><div class=\"program-block\">09:50-10:10<br\/>  \r\n<strong>\r\n\t<span class=\"link-removed\">A systematic workflow to draft alert lists of potentially invasive  aquatic species at a national level<\/span><\/strong> <br \/>\r\n\r\n\r\nEtienne Branquart, Service Public de Wallonie, BELGIUM<br \/>\r\n\r\n\t\r\n<\/div><div class=\"program-block\">10:10-10:30<br\/>  \r\n<strong>\r\n\t<span class=\"link-removed\">Invasive alien species and biosecurity in freshwater ecosystems: results of a national survey among managers in Belgium<\/span><\/strong> <br \/>\r\n\r\n\r\nArnaud Jacobs, Royal Belgian Institute of Natural Sciences, BELGIUM<br \/>\r\n\r\n\t\r\n<\/div><\/div>\n<\/div>\n\n\n<div class=\"break\">10:30-11:00 <strong>&#8211; Networking Coffee\/Tea Break<\/strong><\/div>\n\n\n<div class=\"wp-block-columns program is-layout-flex wp-container-core-columns-is-layout-9d6595d7 wp-block-columns-is-layout-flex\">\n<div class=\"wp-block-column is-layout-flow wp-block-column-is-layout-flow\"><div class=\"session-header\">\r\n\t<strong>A-2 &#8211; Albert<\/strong><br \/>\r\n\tGenetic tools for monitoring\r\n<\/div>\n\n<div class=\"program-block\">11:00-11:20 <span class=\"virtual\">Virtual<\/span><br\/>  \r\n<strong>\r\n\t<span class=\"link-removed\">Understanding AIS using multi-gene metabarcoding assays: strengths,  caveats, and upscaling for the future<\/span><\/strong> <br \/>\r\n\r\n\r\nCarol A. Stepien, Smithsonian National Museum of Natural History, USA<br \/>\r\n\r\n\t\r\n<\/div><div class=\"program-block\">11:20-11:40<br\/>  \r\n<strong>\r\n\t<span class=\"link-removed\">Population genetic insights into dispersal pathways of the invasive  quagga mussel in Central Europe<\/span><\/strong> <br \/>\r\n\r\n\r\nLinda Haltiner, Swiss Federal Institute of Aquatic Science and Technology (Eawag), <br \/>\r\n\r\n\t\r\n<\/div><div class=\"program-block\">11:40-12:00<br\/>  \r\n<strong>\r\n\t<span class=\"link-removed\">Adoption of a routine marine invasive species monitoring plan using  environmental DNA sampling in Suva, Fiji<\/span><\/strong> <br \/>\r\n\r\n\r\nSaara Suominen, UNESCO Intergovernmental Oceanographic Commission, BELGIUM<br \/>\r\n\r\n\t\r\n<\/div><div class=\"program-block\">12:00-12:20<br\/>  \r\n<strong>\r\n\t<span class=\"link-removed\">DNA barcoding and phylogeography of alien Ponto-Caspian amphipods, as a  proxy to understand different invasion dynamics in main invasion  corridors across Europe<\/span><\/strong> <br \/>\r\n\r\n\r\nTomasz Rewicz, University of  \u0141\u00f3d\u017a, POLAND<br \/>\r\n\r\n\t\r\n<\/div><\/div>\n\n\n\n<div class=\"wp-block-column is-layout-flow wp-block-column-is-layout-flow\"><div class=\"session-header\">\r\n\t<strong>B-2 &#8211; Fabiola<\/strong><br \/>\r\n\tEcological risks and impacts: molluscs\r\n<\/div>\n\n<div class=\"program-block\">11:00-11:20<br\/>  \r\n<strong>\r\n\t<span class=\"link-removed\">Risk scan of alien freshwater mollusks in The Netherlands<\/span><\/strong> <br \/>\r\n\r\n\r\nNaomi W. Thunnissen, Radboud University Nijmegen, THE NETHERLANDS<br \/>\r\n\r\n\t\r\n<\/div><div class=\"program-block\">11:20-11:40<br\/>  \r\n<strong>\r\n\t<span class=\"link-removed\">Invasive dreissenids in the Moselle River: considering differential  ecophysiological strategies to investigate their tolerance<\/span><\/strong> <br \/>\r\n\r\n\r\nSandrine Pain-Devin, Universit\u00e9 de Lorraine, FRANCE<br \/>\r\n\r\n\t\r\n<\/div><div class=\"program-block\">11:40-12:00<br\/>  \r\n<strong>\r\n\t<span class=\"link-removed\">The potential impacts of invasive quagga and zebra mussels on  macroinvertebrate communities: artificial stone-substrate based field  experiment<\/span><\/strong> <br \/>\r\n\r\n\r\nHui Zhang, University of Konstanz, GERMANY<br \/>\r\n\r\n\t\r\n<\/div><\/div>\n\n\n\n<div class=\"wp-block-column is-layout-flow wp-block-column-is-layout-flow\"><div class=\"session-header\">\r\n\t<strong>C-2 &#8211; Elisabeth<\/strong><br \/>\r\n\tClimate change impacts\r\n<\/div>\n\n<div class=\"program-block\">11:00-11:20<br\/>  \r\n<strong>\r\n\t<span class=\"link-removed\">Predicting emerging aquatic invasive alien species in the face of global  climate change<\/span><\/strong> <br \/>\r\n\r\n\r\nJames W.E. Dickey, Queen\u2019s University Belfast, UK<br \/>\r\n\r\n\t\r\n<\/div><div class=\"program-block\">11:20-11:40<br\/>  \r\n<strong>\r\n\t<span class=\"link-removed\">Present and future climatic suitability of the invasive aquatic plant  <em>Iris Pseudacorus L.<\/em> and its candidate biocontrol agents<\/span><\/strong> <br \/>\r\n\r\n\r\nGianmarco Minuti, Vrije Universiteit Brussel, BELGIUM<br \/>\r\n\r\n\t\r\n<\/div><div class=\"program-block\">11:40-12:00 <span class=\"virtual\">Virtual<\/span><br\/>  \r\n<strong>\r\n\t<span class=\"link-removed\">Using species distribution models to determine climate change impacts on  suitable areas for freshwater invasive fauna: changes in adequate  habitat throughout the 21st century<\/span><\/strong> <br \/>\r\n\r\n\r\nMafalda Gama, \u00c9vora University, PORTUGAL<br \/>\r\n\r\n\t\r\n<\/div><\/div>\n\n\n\n<div class=\"wp-block-column is-layout-flow wp-block-column-is-layout-flow\"><div class=\"session-header\">\r\n\t<strong>D-2 &#8211; Boudewijn<\/strong><br \/>\r\n\tPolicy and regulations\r\n<\/div>\n\n<div class=\"program-block\">11:00-11:20<br\/>  \r\n<strong>\r\n\t<span class=\"link-removed\">Key policy recommendations for aquatic invasive species management in  Ireland<\/span><\/strong> <br \/>\r\n\r\n\r\nJoseph M. Caffrey, INVAS Biosecurity Ltd., IRELAND<br \/>\r\n\r\n\t\r\n<\/div><div class=\"program-block\">11:20-11:40 <span class=\"virtual\">Virtual<\/span><br\/>  \r\n<strong>\r\n\t<span class=\"link-removed\">Arguments to consider <em>Rugulopteryx okamurae<\/em> (Dictyotales, Ochrophyta)  the potential first seaweed species to be included in the lists of  invasive species of European Union concern<\/span><\/strong> <br \/>\r\n\r\n\r\nMar\u00eda Altamirano Jeschke, Universidad de M\u00e1laga, SPAIN<br \/>\r\n\r\n\t\r\n<\/div><div class=\"program-block\">11:40-12:00<br\/>  \r\n<strong>\r\n\t<span class=\"link-removed\">Progress at European Union and national scales in the environmental management objectives and monitoring plans developments against non-indigenous species<\/span><\/strong> <br \/>\r\n\r\n\r\nAnna Lizi\u0144ska, The French Biodiversity Agency, FRANCE<br \/>\r\n\r\n\t\r\n<\/div><\/div>\n<\/div>\n\n\n\n<div class=\"wp-block-group\"><div class=\"wp-block-group__inner-container is-layout-flow wp-block-group-is-layout-flow\"><div class=\"break\">12:20-13:30 <strong>&#8211; Lunch<\/strong><\/div>\n\n<div class=\"keynote\">13:30-14:15 <a href=\"https:\/\/icais.org\/2022\/keynote-speakers\/\"><strong>Keynote Presentation<\/strong><\/a><br\/>  \r\n<strong>Some like it hot \u2013 Erythraean bioinvasions into the Mediterranean Sea<\/strong> <br \/>\r\n\r\n\r\n<a href=\"https:\/\/icais.org\/2022\/speaker\/auto-draft-2\/\">Prof. Dr. Bella Galil<\/a>, Steinhardt Museum of Natural History, ISRAEL<br \/>\r\n\r\n\t<\/div><div class=\"keynote\">14:15-15:00 <a href=\"https:\/\/icais.org\/2022\/keynote-speakers\/\"><strong>Keynote Presentation<\/strong><\/a><br\/>  \r\n<strong>Risk analysis of non-native aquatic species \u2013 the challenge of assessing and predicting invasiveness potential across geographical and linguistic expanses<\/strong> <br \/>\r\n\r\n\r\n<a href=\"https:\/\/icais.org\/2022\/speaker\/auto-draft-3\/\">Prof. Dr. Gordon H. Copp<\/a>, Centre for Environment, Fisheries and Aquaculture Science, UK<br \/>\r\n\r\n\t<\/div>\n\n<div class=\"break\">15:00-15:30 <strong>&#8211; Networking Coffee\/Tea Break<\/strong><\/div><\/div><\/div>\n\n\n\n<div class=\"wp-block-columns program is-layout-flex wp-container-core-columns-is-layout-9d6595d7 wp-block-columns-is-layout-flex\">\n<div class=\"wp-block-column is-layout-flow wp-block-column-is-layout-flow\"><div class=\"session-header\">\r\n\t<strong>A-3 &#8211; Albert<\/strong><br \/>\r\n\tGenetic tools for monitoring\r\n<\/div>\n\n<div class=\"program-block\">15:30-15:50<br\/>  \r\n<strong>\r\n\t<span class=\"link-removed\">Mainstreaming genetic tools for non-indigenous species monitoring in  marine coastal areas<\/span><\/strong> <br \/>\r\n\r\n\r\nPascal I. Hablutzel, Flanders Marine Institute (VLIZ), BELGIUM<br \/>\r\n\r\n\t\r\n<\/div><div class=\"program-block\">15:50-16:10 <span class=\"virtual\">Virtual<\/span><br\/>  \r\n<strong>\r\n\t<span class=\"link-removed\">Detecting the establishment of invasive species in ichthyoplankton  samples using DNA-metabarcoding<\/span><\/strong> <br \/>\r\n\r\n\r\nAlexander Van Nynatten, University of Toronto Scarborough, CANADA<br \/>\r\n\r\n\t\r\n<\/div><div class=\"program-block\">16:10-16:30<br\/>  \r\n<strong>\r\n\t<span class=\"link-removed\">The potential of molecular tools for monitoring non-indigenous species  in commercial harbours and recreational marinas<\/span><\/strong> <br \/>\r\n\r\n\r\nCarolin Uhlir, Senckenberg Research Institute, GERMANY<br \/>\r\n\r\n\t\r\n<\/div><div class=\"program-block\">16:30-16:50<br\/>  \r\n<strong>\r\n\t<span class=\"link-removed\">Mitochondrial genomes, phylogenetic associations, and SNP recovery for  the key invasive Ponto-Caspian amphipods in Europe<\/span><\/strong> <br \/>\r\n\r\n\r\nTomasz Mamos, University of  \u0141\u00f3d\u017a, POLAND<br \/>\r\n\r\n\t\r\n<\/div><div class=\"program-block\">16:50-17:10 <span class=\"virtual\">Virtual<\/span><br\/>  \r\n<strong>\r\n\t<span class=\"link-removed\">Unlocking new opportunities for AIS detection: combining community  science and new techniques in eDNA sampling to improve AIS monitoring  programs<\/span><\/strong> <br \/>\r\n\r\n\r\nMichael Rogers, Invasive Species Centre, CANADA<br \/>\r\n\r\n\t\r\n<\/div><div class=\"program-block\">17:10-17:30 <span class=\"virtual\">Virtual<\/span><br\/>  \r\n<strong>\r\n\t<span class=\"link-removed\">Environmental DNA metabarcoding as a tool for biodiversity assessment  and monitoring: reconstructing established fish communities of  north-temperate lakes and river<\/span><\/strong> <br \/>\r\n\r\n\r\nYer Lor, U.S. Geological Survey, USA<br \/>\r\n\r\n\t\r\n<\/div><\/div>\n\n\n\n<div class=\"wp-block-column is-layout-flow wp-block-column-is-layout-flow\"><div class=\"session-header\">\r\n\t<strong>B-3 &#8211; Fabiola<\/strong><br \/>\r\n\tEcological risks and impacts: crayfish and gammarids\r\n<\/div>\n\n<div class=\"program-block\">15:30-15:50<br\/>  \r\n<strong>\r\n\t<span class=\"link-removed\">Long term trends of non-native crayfish in Europe: a meta-analysis<\/span><\/strong> <br \/>\r\n\r\n\r\nIsmael Soto Almena, University of South Bohemia in \u010cesk\u00e9 Bud\u011bjovice, CZECH REPUBLIC<br \/>\r\n\r\n\t\r\n<\/div><div class=\"program-block\">15:50-16:10 <span class=\"virtual\">Virtual<\/span><br\/>  \r\n<strong>\r\n\t<span class=\"link-removed\">Drivers of secondary spread in freshwater invasive species<\/span><\/strong> <br \/>\r\n\r\n\r\nJack Daniels, University of Southampton, UK<br \/>\r\n\r\n\t\r\n<\/div><div class=\"program-block\">16:10-16:30<br\/>  \r\n<strong>\r\n\t<span class=\"link-removed\">Do invasive species respond to predators like their native counterparts?  Effect of predation-induced stress on native and invasive gammarids<\/span><\/strong> <br \/>\r\n\r\n\r\n\u0141ukasz Jermacz, Nicolaus Copernicus University, POLAND<br \/>\r\n\r\n\t\r\n<\/div><div class=\"program-block\">16:30-16:50<br\/>  \r\n<strong>\r\n\t<span class=\"link-removed\">Survival, growth, and reproduction: comparison of marbled crayfish with  other prominent crayfish invaders under two temperature regimes<\/span><\/strong> <br \/>\r\n\r\n\r\nAnton\u00edn Kouba, University of South Bohemia in \u010cesk\u00e9 Bud\u011bjovice, CZECH REPUBLIC<br \/>\r\n\r\n\t\r\n<\/div><div class=\"program-block\">16:50-17:10 <span class=\"virtual\">Virtual<\/span><br\/>  \r\n<strong>\r\n\t<span class=\"link-removed\">The hidden risk of keystone invaders in Canada: a case study using  non-indigenous crayfish<\/span><\/strong> <br \/>\r\n\r\n\r\nThomas W. Therriault, Fisheries and Oceans Canada, CANADA<br \/>\r\n\r\n\t\r\n<\/div><div class=\"program-block\">17:10-17:30<br\/>  \r\n<strong>\r\n\t<span class=\"link-removed\">Invasive crayfish population densities and expansions in The Netherlands<\/span><\/strong> <br \/>\r\n\r\n\r\nFabrice Ottburg, Wageningen Environmental Research, THE NETHERLANDS<br \/>\r\n\r\n\t\r\n<\/div><\/div>\n\n\n\n<div class=\"wp-block-column is-layout-flow wp-block-column-is-layout-flow\"><div class=\"session-header\">\r\n\t<strong>C-3 &#8211; Elisabeth<\/strong><br \/>\r\n\tClimate change impacts\r\n<\/div>\n\n<div class=\"program-block\">15:30-15:50<br\/>  \r\n<strong>\r\n\t<span class=\"link-removed\">Climate change alters global biological invasion risk<\/span><\/strong> <br \/>\r\n\r\n\r\nJustin A.G. Hubbard, University of Toronto Scarborough, CANADA<br \/>\r\n\r\n\t\r\n<\/div><div class=\"program-block\">15:50-16:10 <span class=\"virtual\">Virtual<\/span><br\/>  \r\n<strong>\r\n\t<span class=\"link-removed\">Climatic and anthropogenic influence on non-native species population  persistence and management<\/span><\/strong> <br \/>\r\n\r\n\r\nHannah Tidbury, Cefas, UK<br \/>\r\n\r\n\t\r\n<\/div><div class=\"program-block\">16:10-16:30<br\/>  \r\n<strong>\r\n\t<span class=\"link-removed\">Current and future distribution of the non-native freshwater Chinese  pond mussel <em>Sinanodonta woodiana<\/em> (Lea, 1834) in Europe<\/span><\/strong> <br \/>\r\n\r\n\r\nFrank P.L. Collas, Radboud University Nijmegen, THE NETHERLANDS<br \/>\r\n\r\n\t\r\n<\/div><div class=\"program-block\">16:30-16:50 <span class=\"virtual\">Virtual<\/span><br\/>  \r\n<strong>\r\n\t<span class=\"link-removed\">Assessing the complex governance of aquatic invasive species in the  Great Lakes<\/span><\/strong> <br \/>\r\n\r\n\r\nFederico Holm, University of Michigan, USA<br \/>\r\n\r\n\t\r\n<\/div><div class=\"program-block\">16:50-17:10 <span class=\"virtual\">Virtual<\/span><br\/>  \r\n<strong>\r\n\t<span class=\"link-removed\">Assessing Ontario\u2019s vulnerability to aquatic invasive species under  climate and human population change<\/span><\/strong> <br \/>\r\n\r\n\r\nTim B. Johnson, Ontario Ministry of Northern Development, Mines, Natural Resources and Forestry, CANADA<br \/>\r\n\r\n\t\r\n<\/div><div class=\"program-block\">17:10-17:30 <span class=\"virtual\">Virtual<\/span><br\/>  \r\n<strong>\r\n\t<span class=\"link-removed\">Accounting for socio-economic impacts and dispersal routes across  jurisdictional boundaries in the prevention of invasive mussel spread in  the U.S. Missouri River Basin<\/span><\/strong> <br \/>\r\n\r\n\r\nJoe Raymond, University of California Davis, USA<br \/>\r\n\r\n\t\r\n<\/div><\/div>\n\n\n\n<div class=\"wp-block-column is-layout-flow wp-block-column-is-layout-flow\"><div class=\"session-header\">\r\n\t<strong>D-3 &#8211; Boudewijn<\/strong><br \/>\r\n\tEcological risks and impacts: fishes\r\n<\/div>\n\n<div class=\"program-block\">15:30-15:50<br\/>  \r\n<strong>\r\n\t<span class=\"link-removed\">Will climate change release the final constraints on the invasion of  common carp <em>Cyprinus carpio<\/em> in Great Britain?<\/span><\/strong> <br \/>\r\n\r\n\r\nJ. Robert Britton, Bournemouth University, UK<br \/>\r\n\r\n\t\r\n<\/div><div class=\"program-block\">15:50-16:10<br\/>  \r\n<strong>\r\n\t<span class=\"link-removed\">Predicting the optimal management strategies for controlling invasive  river fishes: an individual-based model approach<\/span><\/strong> <br \/>\r\n\r\n\r\nVictoria Dominguez Almela, Bournemouth University, UK<br \/>\r\n\r\n\t\r\n<\/div><div class=\"program-block\">16:10-16:30<br\/>  \r\n<strong>\r\n\t<span class=\"link-removed\">Spatiotemporal changes in genetic diversity and structure of a recent fish invasion in eastern North America<\/span><\/strong> <br \/>\r\n\r\n\r\nTha\u00efs A. Bernos, University of Toronto Scarborough, CANADA<br \/>\r\n\r\n\t\r\n<\/div><div class=\"program-block\">16:30-16:50 <span class=\"virtual\">Virtual<\/span><br\/>  \r\n<strong>\r\n\t<span class=\"link-removed\">The competitive advantage of feeding strategies of invasive  Ponto-Caspian gobiids compared to native benthic fish<\/span><\/strong> <br \/>\r\n\r\n\r\nNils van Kessel, Bureau Waardenburg, THE NETHERLANDS<br \/>\r\n\r\n\t\r\n<\/div><div class=\"program-block\">16:50-17:10<br\/>  \r\n<strong>\r\n\t<span class=\"link-removed\">Tr-out and about: impacts of aquaculture escapes in a changing world<\/span><\/strong> <br \/>\r\n\r\n\r\nCiara L.O. McGlade, Queen&#8217;s University Belfast, UK<br \/>\r\n\r\n\t\r\n<\/div><\/div>\n<\/div>\n\n\n\n<p>18:00-20:00<br><strong><a href=\"https:\/\/icais.org\/2022\/poster\">Poster Session &amp; Networking Reception<\/a><\/strong><\/p>\n\n\n\n<div class=\"wp-block-group padded-block\"><div class=\"wp-block-group__inner-container is-layout-flow wp-block-group-is-layout-flow\">\n<p>All presentation times listed on the preliminary program are in\u00a0<strong><strong>Central European Summer Time (CEST)<\/strong>, <\/strong>UTC+2. <br><em>Please note that the program is subject to change. <\/em><\/p>\n\n\n<div class=\"menu-program-container\"><ul id=\"menu-program-1\" class=\"menu\"><li class=\"menu-item menu-item-type-post_type menu-item-object-page menu-item-2703\"><a href=\"https:\/\/icais.org\/2022\/tuesday\/\">Tuesday<\/a><\/li>\n<li class=\"menu-item menu-item-type-post_type menu-item-object-page menu-item-2701\"><a href=\"https:\/\/icais.org\/2022\/poster-session\/\">2022 Poster Session<\/a><\/li>\n<li class=\"menu-item menu-item-type-post_type menu-item-object-page menu-item-2704\"><a href=\"https:\/\/icais.org\/2022\/wednesday\/\">Wednesday<\/a><\/li>\n<li class=\"menu-item menu-item-type-post_type menu-item-object-page menu-item-2705\"><a href=\"https:\/\/icais.org\/2022\/thursday\/\">Thursday<\/a><\/li>\n<li class=\"menu-item menu-item-type-post_type menu-item-object-page menu-item-2702\"><a href=\"https:\/\/icais.org\/2022\/friday\/\">Friday<\/a><\/li>\n<\/ul><\/div>\n<\/div><\/div>\n","protected":false},"excerpt":{"rendered":"<p>18:00-20:00Poster Session &amp; Networking Reception<\/p>\n","protected":false},"author":1,"featured_media":0,"parent":0,"menu_order":0,"comment_status":"closed","ping_status":"closed","template":"plus-templates\/template-fullwidth.php","meta":{"footnotes":""},"class_list":["post-2510","page","type-page","status-publish","hentry"],"_links":{"self":[{"href":"https:\/\/icais.org\/2022\/wp-json\/wp\/v2\/pages\/2510","targetHints":{"allow":["GET"]}}],"collection":[{"href":"https:\/\/icais.org\/2022\/wp-json\/wp\/v2\/pages"}],"about":[{"href":"https:\/\/icais.org\/2022\/wp-json\/wp\/v2\/types\/page"}],"author":[{"embeddable":true,"href":"https:\/\/icais.org\/2022\/wp-json\/wp\/v2\/users\/1"}],"replies":[{"embeddable":true,"href":"https:\/\/icais.org\/2022\/wp-json\/wp\/v2\/comments?post=2510"}],"version-history":[{"count":19,"href":"https:\/\/icais.org\/2022\/wp-json\/wp\/v2\/pages\/2510\/revisions"}],"predecessor-version":[{"id":3183,"href":"https:\/\/icais.org\/2022\/wp-json\/wp\/v2\/pages\/2510\/revisions\/3183"}],"wp:attachment":[{"href":"https:\/\/icais.org\/2022\/wp-json\/wp\/v2\/media?parent=2510"}],"curies":[{"name":"wp","href":"https:\/\/api.w.org\/{rel}","templated":true}]}}