{"id":130,"date":"2021-03-20T13:55:02","date_gmt":"2021-03-20T13:55:02","guid":{"rendered":"https:\/\/icais.org\/2022\/?page_id=130"},"modified":"2021-05-25T14:44:45","modified_gmt":"2021-05-25T18:44:45","slug":"technical-program-committee","status":"publish","type":"page","link":"https:\/\/icais.org\/2022\/technical-program-committee\/","title":{"rendered":"ICAIS 2022 Technical Program Committee"},"content":{"rendered":"\n<h2 class=\"wp-block-heading\"><strong><em>Co-Chairs<\/em><\/strong><\/h2>\n\n\n\n<ul class=\"wp-block-list\"><li>Hugo Verreycken, INBO, Belgium<\/li><li>Sander Smolders, BuRO\/NVWA, The Netherlands<\/li><li>Deb Sparks, Invasive Species Centre \u2013 ICAIS Secretariat, Canada<\/li><\/ul>\n\n\n\n<h2 class=\"wp-block-heading\"><strong><em>Committee Members<\/em><\/strong><\/h2>\n\n\n\n<h3 class=\"wp-block-heading\"><strong>Europe<\/strong><\/h3>\n\n\n\n<ul class=\"wp-block-list\"><li>Tim Adriaens, INBO, Belgium<\/li><li>Etienne Branquart, D\u00e9partement de l&#8217;Etude du Milieu Naturel et Agricole, Belgium<\/li><li>Jos Snoeks, Royal Museum for Central Africa &amp; University of Leuven, Belgium<\/li><li>Phillip Haubrock, Senckenberg Research Institute, Germany<\/li><li>Frances Lucy, Institute of Technology Sligo, Ireland<\/li><li>Ana-Cristina Cardoso, European Commission, Joint Research Centre, Italy<\/li><li>Elena Tricarico, University of Florence, Italy<\/li><li>Joost Backx, Rijkswaterstaat, The Netherlands<\/li><li>Frank Collas, Radboud University Nijmegen, The Netherlands<\/li><li>Arjan Gittenberger, GiMaRIS, The Netherlands<\/li><li>Leo Nagelkerke, Wageningen University, Aquaculture &amp; Fisheries Group, The Netherlands<\/li><li>Jaimie Dick, Queen\u2019s University Belfast, UK<\/li><\/ul>\n\n\n\n<h3 class=\"wp-block-heading\"><strong>Americas<\/strong><\/h3>\n\n\n\n<ul class=\"wp-block-list\"><li>Alejandro Bortolus, Grupo de Ecolog\u00eda en Ambientes Costeros, IPEEC-CONICET, Argentina<\/li><li>Jeff Brinsmead, Ontario Ministry of Natural Resources and Forestry, Canada<\/li><li>Becky Cudmore, Fisheries and Oceans Canada, Canada<\/li><li>Sophie Monfette, Ontario Federation of Anglers and Hunters, Canada<\/li><li>Olivier Morissette, Minist\u00e8re des For\u00eats, de la Faune et des Parcs du Qu\u00e9bec, Canada<\/li><li>Lyn Gettys, University of Florida \u2013 IFAS, USA<\/li><li>Doug Jensen, Minnesota Sea Grant, USA<\/li><li>Stephen Phillips, Pacific States Marine Fisheries Commission, USA<\/li><\/ul>\n\n\n\n<h3 class=\"wp-block-heading\">South Africa<\/h3>\n\n\n\n<ul class=\"wp-block-list\"><li>John Measey, DSI-NRF Centre of Excellence for Invasion Biology, Stellenbosch University, South Africa<\/li><\/ul>\n\n\n\n<h3 class=\"wp-block-heading\"><strong>Special Advisor<\/strong><\/h3>\n\n\n\n<ul class=\"wp-block-list\"><li>Rob Leuven, Radboud University Nijmegen, The Netherlands<\/li><\/ul>\n","protected":false},"excerpt":{"rendered":"<p>Co-Chairs Hugo Verreycken, INBO, Belgium Sander Smolders, BuRO\/NVWA, The Netherlands Deb Sparks, Invasive Species Centre \u2013 ICAIS Secretariat, Canada Committee Members Europe Tim Adriaens, INBO, Belgium Etienne Branquart, D\u00e9partement de l&#8217;Etude du Milieu Naturel et Agricole, Belgium Jos Snoeks, Royal Museum for Central Africa &amp; University of Leuven, Belgium Phillip Haubrock,&#8230;<\/p>\n","protected":false},"author":1,"featured_media":0,"parent":0,"menu_order":0,"comment_status":"closed","ping_status":"closed","template":"","meta":{"footnotes":""},"class_list":["post-130","page","type-page","status-publish","hentry"],"_links":{"self":[{"href":"https:\/\/icais.org\/2022\/wp-json\/wp\/v2\/pages\/130","targetHints":{"allow":["GET"]}}],"collection":[{"href":"https:\/\/icais.org\/2022\/wp-json\/wp\/v2\/pages"}],"about":[{"href":"https:\/\/icais.org\/2022\/wp-json\/wp\/v2\/types\/page"}],"author":[{"embeddable":true,"href":"https:\/\/icais.org\/2022\/wp-json\/wp\/v2\/users\/1"}],"replies":[{"embeddable":true,"href":"https:\/\/icais.org\/2022\/wp-json\/wp\/v2\/comments?post=130"}],"version-history":[{"count":0,"href":"https:\/\/icais.org\/2022\/wp-json\/wp\/v2\/pages\/130\/revisions"}],"wp:attachment":[{"href":"https:\/\/icais.org\/2022\/wp-json\/wp\/v2\/media?parent=130"}],"curies":[{"name":"wp","href":"https:\/\/api.w.org\/{rel}","templated":true}]}}